{"id":46,"date":"2019-04-14T17:03:46","date_gmt":"2019-04-14T17:03:46","guid":{"rendered":"http:\/\/architektools.de\/?page_id=46"},"modified":"2025-07-03T09:31:05","modified_gmt":"2025-07-03T07:31:05","slug":"my-way","status":"publish","type":"page","link":"http:\/\/architektools.de\/","title":{"rendered":"Vita"},"content":{"rendered":"\n<p><\/p>\n\n\n\n<p><\/p>\n\n\n\n<p><img loading=\"lazy\" decoding=\"async\" width=\"150\" height=\"200\" class=\"wp-image-83\" style=\"width: 150px;\" src=\"http:\/\/architektools.de\/wp-content\/uploads\/2021\/03\/Snapseed-2-scaled.jpg\" alt=\"\" srcset=\"http:\/\/architektools.de\/wp-content\/uploads\/2021\/03\/Snapseed-2-scaled.jpg 1920w, http:\/\/architektools.de\/wp-content\/uploads\/2021\/03\/Snapseed-2-225x300.jpg 225w, http:\/\/architektools.de\/wp-content\/uploads\/2021\/03\/Snapseed-2-768x1024.jpg 768w, http:\/\/architektools.de\/wp-content\/uploads\/2021\/03\/Snapseed-2-1152x1536.jpg 1152w, http:\/\/architektools.de\/wp-content\/uploads\/2021\/03\/Snapseed-2-1536x2048.jpg 1536w, http:\/\/architektools.de\/wp-content\/uploads\/2021\/03\/Snapseed-2-624x832.jpg 624w\" sizes=\"auto, (max-width: 150px) 100vw, 150px\" \/><\/p>\n\n\n\n<p><strong>Studium:<\/strong><\/p>\n\n\n\n<p>1989 &#8211; Beginn des Studiums der Architektur zum Wintersemester an der Hochschule Coburg<\/p>\n\n\n\n<p>1993 &#8211; Diplomabschluss im Fachbereich Architektur an der Hochschule Coburg<\/p>\n\n\n\n<p><strong>Beruflicher Weg:<\/strong><\/p>\n\n\n\n<p>1993 &#8211; Freiberufliche Mitarbeit und Projektleiter im Architekturb\u00fcro Horstmann \/ Bayreuth<\/p>\n\n\n\n<p>1998 &#8211; Gr\u00fcndung des eigenen Architekturb\u00fcros in Forchheim<\/p>\n\n\n\n<p>2003 &#8211; Umzug in das eigene B\u00fcrogeb\u00e4ude in Retten \/ Eggolsheim<\/p>\n\n\n\n<p>2004 &#8211; Gr\u00fcndung der Tr\u00fcbenbach und Schwarzmann Architektur GmbH &amp; Co.KG<\/p>\n\n\n\n<p>2008 &#8211; B\u00fcro mit 6 Architekten, einer Innenarchitektin und einer Bauzeichnerin<\/p>\n\n\n\n<p>2011 &#8211; Der B\u00fcropartner scheidet durch berufliche Ver\u00e4nderung aus<\/p>\n\n\n\n<p>2013 &#8211; 2014 Einj\u00e4hriger Auslandsaufenthalt in S\u00fcdamerika von Oktober 2013 bis November 2014<\/p>\n\n\n\n<p>2015 bis 2024 Projektsteuerung f\u00fcr die Erzdi\u00f6zese Bamberg<br>Bauabteilung f\u00fcr 3 Schulprojekte<\/p>\n\n\n\n<p>Nach knapp 25 Jahren Architektur in der Selbstst\u00e4ndigkeit,<br>nahezu 180 abgeschlossenen eigenen Projekten,<br>habe ich mich entschlossen f\u00fcr das Erzbisch\u00f6fliche Bauamt in Bamberg <br>als Di\u00f6zesanarchitekt und Projektsteuerer zu arbeiten.<\/p>\n\n\n\n<p>In leitender Anstellung hat man mir die Projektsteuerung von 3 Schulbauprojekten \u00fcbertragen. Ein Investitionsvolumen von ca. 140 Mio \u20ac flie\u00dft bis 2025 in diese Schulbauprojekte an den Standorten Bamberg und N\u00fcrnberg und Schillingsf\u00fcrst.<\/p>\n\n\n\n<p>Die Stelle beschreibt die komplette Projektsteuerung, Kostenkontrolle und Koordination<br>zwischen allen beteiligten Stellen.<\/p>\n\n\n\n<p>2025 &#8211; Wieder selbstst\u00e4ndig als Projektmanager mit dem Schwerpunkt &#8222;Schulprojekte&#8220;.<br>Die Arbeit im Bereich &#8222;Schulprojekte&#8220; begleitet mich weiter f\u00fcr die n\u00e4chsten Jahre.<br><br>F\u00fcr die beiden Projekte:<br>Umbausanierung des alten Dr.-Pfleger-Geb\u00e4udes f\u00fcr die Montessori-Schule Bamberg<br>und<br>Neubau der Adolph Kolping Berufsfachschule in Bamberg<br>durfte ich die Projektsteuerung \u00fcbernehmen. <br><br>Mit meiner langj\u00e4hrigen Erfahrung bei Abwicklung von kommunalen und privaten Schulprojekten konnte ich mich f\u00fcr diese Aufgaben bei den beiden Auftraggebern qualifizieren.<\/p>\n\n\n\n<p><br><\/p>\n\n\n\n<p><br><\/p>\n","protected":false},"excerpt":{"rendered":"<p>Studium: 1989 &#8211; Beginn des Studiums der Architektur zum Wintersemester an der Hochschule Coburg 1993 &#8211; Diplomabschluss im Fachbereich Architektur an der Hochschule Coburg Beruflicher Weg: 1993 &#8211; Freiberufliche Mitarbeit und Projektleiter im Architekturb\u00fcro Horstmann \/ Bayreuth 1998 &#8211; Gr\u00fcndung des eigenen Architekturb\u00fcros in Forchheim 2003 &#8211; Umzug in das eigene B\u00fcrogeb\u00e4ude in Retten \/ [&hellip;]<\/p>\n","protected":false},"author":1,"featured_media":0,"parent":0,"menu_order":0,"comment_status":"closed","ping_status":"closed","template":"","meta":{"jetpack_post_was_ever_published":false,"footnotes":""},"class_list":["post-46","page","type-page","status-publish","hentry"],"jetpack_sharing_enabled":true,"jetpack_shortlink":"https:\/\/wp.me\/P5NojU-K","_links":{"self":[{"href":"http:\/\/architektools.de\/index.php?rest_route=\/wp\/v2\/pages\/46","targetHints":{"allow":["GET"]}}],"collection":[{"href":"http:\/\/architektools.de\/index.php?rest_route=\/wp\/v2\/pages"}],"about":[{"href":"http:\/\/architektools.de\/index.php?rest_route=\/wp\/v2\/types\/page"}],"author":[{"embeddable":true,"href":"http:\/\/architektools.de\/index.php?rest_route=\/wp\/v2\/users\/1"}],"replies":[{"embeddable":true,"href":"http:\/\/architektools.de\/index.php?rest_route=%2Fwp%2Fv2%2Fcomments&post=46"}],"version-history":[{"count":8,"href":"http:\/\/architektools.de\/index.php?rest_route=\/wp\/v2\/pages\/46\/revisions"}],"predecessor-version":[{"id":116,"href":"http:\/\/architektools.de\/index.php?rest_route=\/wp\/v2\/pages\/46\/revisions\/116"}],"wp:attachment":[{"href":"http:\/\/architektools.de\/index.php?rest_route=%2Fwp%2Fv2%2Fmedia&parent=46"}],"curies":[{"name":"wp","href":"https:\/\/api.w.org\/{rel}","templated":true}]}}